{"id":2,"date":"2012-11-12T13:09:00","date_gmt":"2012-11-12T15:09:00","guid":{"rendered":"http:\/\/jinx.clipware.ch:85\/?page_id=2"},"modified":"2019-11-11T13:03:51","modified_gmt":"2019-11-11T15:03:51","slug":"sample-page","status":"publish","type":"page","link":"https:\/\/www.ulalena.ch\/?page_id=2","title":{"rendered":"Yacht"},"content":{"rendered":"<h2 class=\"\">SY &#8216;Ulalena<\/h2>\n<p>Jeanneau Espace 1000<\/p>\n<table width=\"250.0%\" cellspacing=\"0\" cellpadding=\"0\">\n<tbody>\n<tr>\n<td valign=\"top\">L\u00e4nge:<\/td>\n<td valign=\"top\">10,65 m<\/td>\n<td valign=\"top\">Kabine(n):<\/td>\n<td valign=\"top\">2 Kabine(n), 7 Kojen, 1 Nasszelle<\/td>\n<\/tr>\n<tr>\n<td valign=\"top\">Breite:<\/td>\n<td valign=\"top\">3,65 m<\/td>\n<td valign=\"top\">Motor\/Fabrikat:<\/td>\n<td valign=\"top\">Yanmar 3YM30<\/td>\n<\/tr>\n<tr>\n<td valign=\"top\">Tiefgang:<\/td>\n<td valign=\"top\">1,65 m<\/td>\n<td valign=\"top\">Leistung:<\/td>\n<td valign=\"top\">21.3 kW (29 PS)<\/td>\n<\/tr>\n<tr>\n<td valign=\"top\">Material:<\/td>\n<td valign=\"top\">Kunststoff GfK<\/td>\n<td valign=\"top\">Brennstofftank:<\/td>\n<td valign=\"top\">200 l<\/td>\n<\/tr>\n<tr>\n<td valign=\"top\">Baujahr:<\/td>\n<td valign=\"top\">1982<\/td>\n<td valign=\"top\">Frischwassertank:<\/td>\n<td valign=\"top\">250 l<\/td>\n<\/tr>\n<tr>\n<td valign=\"top\">Gewicht:<\/td>\n<td valign=\"top\">5.800 kg<\/td>\n<td valign=\"top\"><\/td>\n<td valign=\"top\"><\/td>\n<\/tr>\n<\/tbody>\n<\/table>\n<p>&nbsp;<\/p>\n<table>\n<tbody>\n<tr>\n<td valign=\"top\"><a href=\"https:\/\/www.ulalena.ch\/wp-content\/uploads\/2012\/11\/IMG_3900y.jpg\"><img loading=\"lazy\" decoding=\"async\" class=\"alignleft size-medium wp-image-468\" src=\"https:\/\/www.ulalena.ch\/wp-content\/uploads\/2012\/11\/IMG_3900y-300x225.jpg\" alt=\"IMG_3900y\" width=\"300\" height=\"225\" srcset=\"https:\/\/www.ulalena.ch\/wp-content\/uploads\/2012\/11\/IMG_3900y-300x225.jpg 300w, https:\/\/www.ulalena.ch\/wp-content\/uploads\/2012\/11\/IMG_3900y.jpg 1024w, https:\/\/www.ulalena.ch\/wp-content\/uploads\/2012\/11\/IMG_3900y-400x300.jpg 400w\" sizes=\"auto, (max-width: 300px) 100vw, 300px\" \/><\/a><\/td>\n<td valign=\"top\"><a href=\"https:\/\/www.ulalena.ch\/wp-content\/uploads\/2012\/11\/IMG_4433y.jpg\"><img loading=\"lazy\" decoding=\"async\" class=\"alignleft size-medium wp-image-469\" src=\"https:\/\/www.ulalena.ch\/wp-content\/uploads\/2012\/11\/IMG_4433y-300x225.jpg\" alt=\"IMG_4433y\" width=\"300\" height=\"225\" srcset=\"https:\/\/www.ulalena.ch\/wp-content\/uploads\/2012\/11\/IMG_4433y-300x225.jpg 300w, https:\/\/www.ulalena.ch\/wp-content\/uploads\/2012\/11\/IMG_4433y.jpg 1024w, https:\/\/www.ulalena.ch\/wp-content\/uploads\/2012\/11\/IMG_4433y-400x300.jpg 400w\" sizes=\"auto, (max-width: 300px) 100vw, 300px\" \/><\/a><\/td>\n<\/tr>\n<tr>\n<td valign=\"top\"><a href=\"https:\/\/www.ulalena.ch\/wp-content\/uploads\/2012\/11\/IMG_3928.jpg\"><img loading=\"lazy\" decoding=\"async\" class=\"alignleft size-medium wp-image-470\" src=\"https:\/\/www.ulalena.ch\/wp-content\/uploads\/2012\/11\/IMG_3928-300x225.jpg\" alt=\"IMG_3928\" width=\"300\" height=\"225\" srcset=\"https:\/\/www.ulalena.ch\/wp-content\/uploads\/2012\/11\/IMG_3928-300x225.jpg 300w, https:\/\/www.ulalena.ch\/wp-content\/uploads\/2012\/11\/IMG_3928.jpg 1024w, https:\/\/www.ulalena.ch\/wp-content\/uploads\/2012\/11\/IMG_3928-400x300.jpg 400w\" sizes=\"auto, (max-width: 300px) 100vw, 300px\" \/><\/a><\/td>\n<td valign=\"top\"><a href=\"https:\/\/www.ulalena.ch\/wp-content\/uploads\/2012\/11\/IMG_2698y.jpg\"><img loading=\"lazy\" decoding=\"async\" class=\"alignleft size-medium wp-image-471\" src=\"https:\/\/www.ulalena.ch\/wp-content\/uploads\/2012\/11\/IMG_2698y-300x225.jpg\" alt=\"IMG_2698y\" width=\"300\" height=\"225\" srcset=\"https:\/\/www.ulalena.ch\/wp-content\/uploads\/2012\/11\/IMG_2698y-300x225.jpg 300w, https:\/\/www.ulalena.ch\/wp-content\/uploads\/2012\/11\/IMG_2698y.jpg 1024w, https:\/\/www.ulalena.ch\/wp-content\/uploads\/2012\/11\/IMG_2698y-400x300.jpg 400w\" sizes=\"auto, (max-width: 300px) 100vw, 300px\" \/><\/a><\/td>\n<\/tr>\n<\/tbody>\n<\/table>\n<p>&nbsp;<\/p>\n<h1 class=\"\">T\u00f6rn Boote<\/h1>\n<h1 class=\"\">2016<\/h1>\n<h3>Katamaran Dream Easy (Atlantik), Lagoon 450<\/h3>\n<p><a href=\"https:\/\/www.ulalena.ch\/wp-content\/uploads\/2012\/11\/IMG_0037.jpg\"><img loading=\"lazy\" decoding=\"async\" class=\"size-medium wp-image-4910 alignleft\" src=\"https:\/\/www.ulalena.ch\/wp-content\/uploads\/2012\/11\/IMG_0037-300x225.jpg\" alt=\"\" width=\"300\" height=\"225\" srcset=\"https:\/\/www.ulalena.ch\/wp-content\/uploads\/2012\/11\/IMG_0037-300x225.jpg 300w, https:\/\/www.ulalena.ch\/wp-content\/uploads\/2012\/11\/IMG_0037-768x576.jpg 768w, https:\/\/www.ulalena.ch\/wp-content\/uploads\/2012\/11\/IMG_0037.jpg 1024w, https:\/\/www.ulalena.ch\/wp-content\/uploads\/2012\/11\/IMG_0037-400x300.jpg 400w\" sizes=\"auto, (max-width: 300px) 100vw, 300px\" \/><\/a> <a href=\"https:\/\/www.ulalena.ch\/wp-content\/uploads\/2012\/11\/IMG_0109.jpg\"><img loading=\"lazy\" decoding=\"async\" class=\"size-medium wp-image-4911 alignleft\" src=\"https:\/\/www.ulalena.ch\/wp-content\/uploads\/2012\/11\/IMG_0109-300x225.jpg\" alt=\"\" width=\"300\" height=\"225\" srcset=\"https:\/\/www.ulalena.ch\/wp-content\/uploads\/2012\/11\/IMG_0109-300x225.jpg 300w, https:\/\/www.ulalena.ch\/wp-content\/uploads\/2012\/11\/IMG_0109-768x576.jpg 768w, https:\/\/www.ulalena.ch\/wp-content\/uploads\/2012\/11\/IMG_0109.jpg 1024w, https:\/\/www.ulalena.ch\/wp-content\/uploads\/2012\/11\/IMG_0109-400x300.jpg 400w\" sizes=\"auto, (max-width: 300px) 100vw, 300px\" \/><\/a><\/p>\n<h1 class=\"\">2013\/14<\/h1>\n<h2 class=\"\">SY Sailing Swiss III<\/h2>\n<p><a href=\"https:\/\/photos.marinetraffic.com\/ais\/showphoto.aspx?photoid=233954\" target=\"_blank\" rel=\"noopener noreferrer\"><img decoding=\"async\" class=\" alignnone\" style=\"width: 240px; height: 320px;\" title=\"GFS\" src=\"https:\/\/photos.marinetraffic.com\/ais\/showphoto.aspx?photoid=233954\" alt=\"SY Sailing Swiss III\"><\/a><\/p>\n<p><a href=\"https:\/\/www.cruisingclub.ch\/index.php?id=263\" target=\"_blank\" rel=\"noopener noreferrer\">Sailing Swiss III Details<\/a><\/p>\n<h1 class=\"\">2010<\/h1>\n<h2 class=\"\">SY Morgana<\/h2>\n<p><a href=\"https:\/\/www.ulalena.ch\/wp-content\/uploads\/2015\/02\/1424711312_full.jpeg\" target=\"_blank\" rel=\"noopener noreferrer\"><img decoding=\"async\" class=\"alignleft\" title=\"\" src=\"https:\/\/www.ulalena.ch\/wp-content\/uploads\/2015\/02\/1424711312_thumb.jpeg\" alt=\"Feeling 39 DI\" align=\"left\"><\/a><\/p>\n<table width=\"250.0%\" cellspacing=\"0\" cellpadding=\"0\">\n<tbody>\n<tr>\n<td valign=\"top\">L\u00e4nge \u00fcber alles<\/td>\n<td valign=\"top\">11,70 m<\/td>\n<td valign=\"top\">Segelfl\u00e4che<\/td>\n<td valign=\"top\">34,80 m\u00b2<\/td>\n<\/tr>\n<tr>\n<td valign=\"top\">Rumpfl\u00e4nge<\/td>\n<td valign=\"top\">11,64 m<\/td>\n<td valign=\"top\">Gro\u00dfsegel<\/td>\n<td valign=\"top\"><\/td>\n<\/tr>\n<tr>\n<td valign=\"top\">L\u00e4nge Wasserlinie<\/td>\n<td valign=\"top\">9,92 m<\/td>\n<td valign=\"top\">Rollreffgenua<\/td>\n<td valign=\"top\">46 m\u00b2<\/td>\n<\/tr>\n<tr>\n<td valign=\"top\">Breite<\/td>\n<td valign=\"top\">4,02 m<\/td>\n<td valign=\"top\">Verdr\u00e4ngung<\/td>\n<td valign=\"top\">7.825 kg<\/td>\n<\/tr>\n<tr>\n<td valign=\"top\">Tiefgang Integralschwert<\/td>\n<td valign=\"top\">0,70 &#8211; 2,20 m<\/td>\n<td valign=\"top\">CE &#8211; Zertifikat<\/td>\n<td valign=\"top\">A<\/td>\n<\/tr>\n<tr>\n<td valign=\"top\">Ballast Integralschwert<\/td>\n<td valign=\"top\">3.590 kg<\/td>\n<td valign=\"top\"><\/td>\n<td valign=\"top\"><\/td>\n<\/tr>\n<tr>\n<td valign=\"top\">Tankvolumen<\/td>\n<td valign=\"top\"><\/td>\n<td valign=\"top\"><\/td>\n<td valign=\"top\"><\/td>\n<\/tr>\n<tr>\n<td valign=\"top\">Wassertank<\/td>\n<td valign=\"top\">350 l<\/td>\n<td valign=\"top\">Dieseltank<\/td>\n<td valign=\"top\">145 l<\/td>\n<\/tr>\n<\/tbody>\n<\/table>\n<p><a href=\"https:\/\/www.ulalena.ch\/wp-content\/uploads\/2012\/11\/feeling_small.jpg\"><img loading=\"lazy\" decoding=\"async\" class=\" size-full wp-image-461 alignnone\" src=\"https:\/\/www.ulalena.ch\/wp-content\/uploads\/2012\/11\/feeling_small.jpg\" alt=\"feeling_small\" width=\"190\" height=\"127\"><\/a><\/p>\n<p>Die Feeling 39 di ist eine von der renommierten franz\u00f6sischen Werftengruppe Alliaura gebaute Segelyacht gehobener Qualit\u00e4t. Der Rumpf wird vollst\u00e4ndig in Massivlaminat hergestellt, w\u00e4hrend das Deck im Sandwich-Verfahren gebaut wird.<\/p>\n<p>Dank der Konstruktion als Integralschwerter mit hohem innenliegenden Ballastanteil in Form einer einlaminierten Gussplatte und Doppelruderanlage verf\u00fcgt die Yacht \u00fcber eine hohe Stabilit\u00e4t. Gleichzeitig ist die Yacht jedoch mit einen geringen Tiefgang ausgestattet &#8211; 70 cm mit aufgeholtem Schwert. So ist ein gefahrloses Fahren in Flachwasserregionen wie dem ostfriesischen Wattenmeer und zugleich doch sportliches Segeln im offenen Wasser m\u00f6glich.<\/p>\n<p>Die Yacht ist mit der CE-Kategorie A f\u00fcr 8 Personen zugelassen.<\/p>\n<p>Die Yacht ist \u00fcberkomplett ausgestattet und befindet sich im Pflegezustand einer Eigneryacht. Dank der gro\u00dfz\u00fcgigen Abmessungen ist auch bei einer Vollbelegung ausreichend Platz f\u00fcr alle Crewmitglieder vorhanden. So ist f\u00fcr jeden genug Platz vorhanden, um sich auch bei schlechtem Wetter einmal in eine ruhige Ecke zur\u00fcckziehen zu k\u00f6nnen.<\/p>\n<p><a href=\"https:\/\/www.ulalena.ch\/wp-content\/uploads\/2012\/11\/feeling1.jpg\"><img loading=\"lazy\" decoding=\"async\" class=\"alignnone wp-image-462 size-medium\" src=\"https:\/\/www.ulalena.ch\/wp-content\/uploads\/2012\/11\/feeling1-300x67.jpg\" alt=\"feeling1\" width=\"300\" height=\"67\" srcset=\"https:\/\/www.ulalena.ch\/wp-content\/uploads\/2012\/11\/feeling1-300x67.jpg 300w, https:\/\/www.ulalena.ch\/wp-content\/uploads\/2012\/11\/feeling1-500x112.jpg 500w, https:\/\/www.ulalena.ch\/wp-content\/uploads\/2012\/11\/feeling1.jpg 753w\" sizes=\"auto, (max-width: 300px) 100vw, 300px\" \/><\/a><\/p>\n<p><a href=\"https:\/\/www.ulalena.ch\/wp-content\/uploads\/2012\/11\/feeling2-300x147.jpg\"><img loading=\"lazy\" decoding=\"async\" class=\"alignnone wp-image-463 size-medium\" src=\"https:\/\/www.ulalena.ch\/wp-content\/uploads\/2012\/11\/feeling2-300x147.jpg\" alt=\"feeling2\" width=\"300\" height=\"147\" srcset=\"https:\/\/www.ulalena.ch\/wp-content\/uploads\/2012\/11\/feeling2-300x147.jpg 300w, https:\/\/www.ulalena.ch\/wp-content\/uploads\/2012\/11\/feeling2.jpg 405w\" sizes=\"auto, (max-width: 300px) 100vw, 300px\" \/><\/a><\/p>\n<h1 class=\"\">2008<\/h1>\n<h2 class=\"\">SY I Feel Fine<\/h2>\n<p>\u00dcberf\u00fchrung: Split &#8211; Catania<\/p>\n<p><a href=\"https:\/\/www.ulalena.ch\/wp-content\/uploads\/2012\/11\/ifeelfine.jpg\"><img loading=\"lazy\" decoding=\"async\" class=\" size-medium wp-image-415 alignnone\" src=\"https:\/\/www.ulalena.ch\/wp-content\/uploads\/2012\/11\/ifeelfine-300x225.jpg\" alt=\"ifeelfine\" width=\"300\" height=\"225\" srcset=\"https:\/\/www.ulalena.ch\/wp-content\/uploads\/2012\/11\/ifeelfine-300x225.jpg 300w, https:\/\/www.ulalena.ch\/wp-content\/uploads\/2012\/11\/ifeelfine.jpg 1024w, https:\/\/www.ulalena.ch\/wp-content\/uploads\/2012\/11\/ifeelfine-400x300.jpg 400w\" sizes=\"auto, (max-width: 300px) 100vw, 300px\" \/><\/a><\/p>\n<h1 class=\"\">2007<\/h1>\n<h2 class=\"\">SY KRISTINA<\/h2>\n<table width=\"250.0%\" cellspacing=\"0\" cellpadding=\"0\">\n<tbody>\n<tr>\n<td valign=\"top\">Bootsart: Segelschiff<\/td>\n<td valign=\"top\">Bootsmodell: Gib Sea 37p<\/td>\n<\/tr>\n<tr>\n<td valign=\"top\">Jahr: 2002<\/td>\n<td valign=\"top\">Bootsl\u00e4nge: 10.5 m<\/td>\n<\/tr>\n<tr>\n<td valign=\"top\">Bootsbreite: 3.7 m<\/td>\n<td valign=\"top\">Kabinenanzahl: 3<\/td>\n<\/tr>\n<tr>\n<td valign=\"top\">Kojen: 6+2<\/td>\n<td valign=\"top\">Land: SI<\/td>\n<\/tr>\n<tr>\n<td valign=\"top\"><a href=\"https:\/\/www.ulalena.ch\/wp-content\/uploads\/2012\/11\/IMG_0446.jpg\"><img loading=\"lazy\" decoding=\"async\" class=\"alignleft size-medium wp-image-452\" src=\"https:\/\/www.ulalena.ch\/wp-content\/uploads\/2012\/11\/IMG_0446-300x225.jpg\" alt=\"IMG_0446\" width=\"300\" height=\"225\" srcset=\"https:\/\/www.ulalena.ch\/wp-content\/uploads\/2012\/11\/IMG_0446-300x225.jpg 300w, https:\/\/www.ulalena.ch\/wp-content\/uploads\/2012\/11\/IMG_0446.jpg 320w\" sizes=\"auto, (max-width: 300px) 100vw, 300px\" \/><\/a><\/td>\n<td valign=\"top\"><a href=\"https:\/\/www.ulalena.ch\/wp-content\/uploads\/2012\/11\/IMG_0466.jpg\"><img loading=\"lazy\" decoding=\"async\" class=\"alignleft size-medium wp-image-453\" src=\"https:\/\/www.ulalena.ch\/wp-content\/uploads\/2012\/11\/IMG_0466-300x225.jpg\" alt=\"IMG_0466\" width=\"300\" height=\"225\" srcset=\"https:\/\/www.ulalena.ch\/wp-content\/uploads\/2012\/11\/IMG_0466-300x225.jpg 300w, https:\/\/www.ulalena.ch\/wp-content\/uploads\/2012\/11\/IMG_0466.jpg 320w\" sizes=\"auto, (max-width: 300px) 100vw, 300px\" \/><\/a><\/td>\n<\/tr>\n<\/tbody>\n<\/table>\n<p>&nbsp;<\/p>\n<h1 class=\"\">2006<\/h1>\n<h2 class=\"\">SY Erato<\/h2>\n<p><a href=\"http:\/\/www.captainaris.gr\/\" target=\"_blank\" rel=\"noopener noreferrer\">Enjoy a day of sailing<\/a><\/p>\n<p>Design and construction:<\/p>\n<p>The basic design and construction of a yacht determines its functionality and its behaviour at sea.<\/p>\n<p>S\/Y Erato is a Gib&#8217;Sea 422 designed by Michel Joubert &amp; Bernard Nivelt and built at the Gibert Marine yard in Marans, France. It is considered as one of the classic designs.<\/p>\n<p>Her behaviour is excellent under both sail and motor. Steering is effortless in all conditions. Under sail, on a reach, it is enough to trim the sails and let her steer herself into the wind.<\/p>\n<p>Her sail area is very adequate in even light winds and her deep fin keel ensures she tracks straight and upright. A strong fast boat with practical deck equipment for the modern in-mast furling mainsail and the classic roller reefing genoa which make sail handling safe and easy.<\/p>\n<p>The layou<\/p>\n<p><a href=\"https:\/\/www.ulalena.ch\/wp-content\/uploads\/2012\/11\/gib422-300x102.jpg\"><img loading=\"lazy\" decoding=\"async\" class=\" size-medium wp-image-450 alignnone\" src=\"https:\/\/www.ulalena.ch\/wp-content\/uploads\/2012\/11\/gib422-300x102.jpg\" alt=\"gib422\" width=\"300\" height=\"102\" srcset=\"https:\/\/www.ulalena.ch\/wp-content\/uploads\/2012\/11\/gib422-300x102.jpg 300w, https:\/\/www.ulalena.ch\/wp-content\/uploads\/2012\/11\/gib422.jpg 390w\" sizes=\"auto, (max-width: 300px) 100vw, 300px\" \/><\/a><\/p>\n<p>The blue areas are the bunks and seats round the table. In yellow the galley with kitchen sink. The mauve areas are the heads\/showers.<\/p>\n<p>Forward is the anchor locker and the aft lockers and bathing platform are also shown<\/p>\n<p>The interior<\/p>\n<p><a href=\"https:\/\/www.ulalena.ch\/wp-content\/uploads\/2012\/11\/interior.jpg\"><img loading=\"lazy\" decoding=\"async\" class=\" size-full wp-image-449 alignnone\" src=\"https:\/\/www.ulalena.ch\/wp-content\/uploads\/2012\/11\/interior.jpg\" alt=\"interior\" width=\"120\" height=\"80\"><\/a><\/p>\n<p>Below deck, you are surrounded by the warm boaty feeling of teak and there is a surprising amount of living space. The saloon is spacious with large dining table,generous seating, plenty of light, and good ventilation. In the warmer weather, the wind scoop freshens the air and is easy to set up. Four double berth cabins and two shower\/heads make an extended trip for up to 8-9 people comfortable.<\/p>\n<p>Hot and cold water is available in the heads and the galley. It is provided by the automatic electric fresh water pump. The galley is well equipped with enough cooking utensils, plates, knives and forks for ten people.<\/p>\n<p>The details make the difference<\/p>\n<p>Erato is privately owned and a lot of attention is paid to details and maintenance. The wheel is light and sensitive and covered with leather for comfort. The bimini over the cockpit offers shelter from the sun and the deck table folds away easily so it does not get in the way during sailing.<\/p>\n<h1 class=\"\">2005<\/h1>\n<h2 class=\"\">SY Erasmos<\/h2>\n<p>Karin K\u00e4ver\u00f6 &#8211; SailGreece Yachting &#8211; Tel.++46 (0)70 514 01 02 &#8211; www.sail-greece.net<\/p>\n<p>Datum: 16. Juli &#8211; 6. August 2005<\/p>\n<p>Bavaria 44 sailing yacht The Bavaria 44 is a modern sailing yacht ideal for charter. The yacht has four separate cabins for 8 persons and two toilets. The yacht is equipped with: warm water, furling genoa and furling main, GPS, bimini top, sprayhood, out board, dinghy, auto-pilot and CD-player. On board you will find the Greek Waters Pilot (A yachtsmans guide to the coasts and islands of Greece) and nautical maps. The GPS is equipped with electronic maps covering the area of Ionian sea.<\/p>\n<table style=\"border: 1px;\" width=\"250.0%\" cellspacing=\"0\" cellpadding=\"0\">\n<tbody>\n<tr>\n<td style=\"border: 0px;\" valign=\"top\"><a href=\"https:\/\/www.ulalena.ch\/wp-content\/uploads\/2012\/11\/erasmus1-300x185.jpg\"><img loading=\"lazy\" decoding=\"async\" class=\" size-medium wp-image-417 alignnone\" src=\"https:\/\/www.ulalena.ch\/wp-content\/uploads\/2012\/11\/erasmus1-300x185.jpg\" alt=\"erasmus1\" width=\"300\" height=\"185\" srcset=\"https:\/\/www.ulalena.ch\/wp-content\/uploads\/2012\/11\/erasmus1-300x185.jpg 300w, https:\/\/www.ulalena.ch\/wp-content\/uploads\/2012\/11\/erasmus1.jpg 341w\" sizes=\"auto, (max-width: 300px) 100vw, 300px\" \/><\/a><\/td>\n<td style=\"border: 0px;\" valign=\"top\"><a href=\"https:\/\/www.ulalena.ch\/wp-content\/uploads\/2012\/11\/erasmus2-300x200.jpg\"><img loading=\"lazy\" decoding=\"async\" class=\" size-medium wp-image-418 alignnone\" src=\"https:\/\/www.ulalena.ch\/wp-content\/uploads\/2012\/11\/erasmus2-300x200.jpg\" alt=\"erasmus2\" width=\"300\" height=\"200\" srcset=\"https:\/\/www.ulalena.ch\/wp-content\/uploads\/2012\/11\/erasmus2-300x200.jpg 300w, https:\/\/www.ulalena.ch\/wp-content\/uploads\/2012\/11\/erasmus2.jpg 344w\" sizes=\"auto, (max-width: 300px) 100vw, 300px\" \/><\/a><\/td>\n<\/tr>\n<tr>\n<td style=\"border: 0px;\" valign=\"top\"><a href=\"https:\/\/www.ulalena.ch\/wp-content\/uploads\/2012\/11\/erasmus3-300x109.jpg\"><img loading=\"lazy\" decoding=\"async\" class=\"alignnone size-medium wp-image-419\" src=\"https:\/\/www.ulalena.ch\/wp-content\/uploads\/2012\/11\/erasmus3-300x109.jpg\" alt=\"erasmus3\" width=\"300\" height=\"109\" srcset=\"https:\/\/www.ulalena.ch\/wp-content\/uploads\/2012\/11\/erasmus3-300x109.jpg 300w, https:\/\/www.ulalena.ch\/wp-content\/uploads\/2012\/11\/erasmus3.jpg 367w\" sizes=\"auto, (max-width: 300px) 100vw, 300px\" \/><\/a><\/td>\n<td style=\"border: 0px;\" valign=\"top\"><\/td>\n<\/tr>\n<\/tbody>\n<\/table>\n<h1 class=\"\">2004<\/h1>\n<p>&#8230;<\/p>\n","protected":false},"excerpt":{"rendered":"<p>SY &#8216;Ulalena Jeanneau Espace 1000 L\u00e4nge: 10,65 m Kabine(n): 2 Kabine(n), 7 Kojen, 1 Nasszelle Breite: 3,65 m Motor\/Fabrikat: Yanmar 3YM30 Tiefgang: 1,65 m Leistung: 21.3 kW (29 PS) Material: Kunststoff GfK Brennstofftank: 200 l Baujahr: 1982 Frischwassertank: 250 l Gewicht: 5.800 kg &nbsp; &nbsp; T\u00f6rn Boote 2016 Katamaran Dream Easy (Atlantik), Lagoon 450 2013\/14 &hellip; <\/p>\n","protected":false},"author":1,"featured_media":8963,"parent":0,"menu_order":0,"comment_status":"closed","ping_status":"closed","template":"","meta":{"footnotes":""},"class_list":["post-2","page","type-page","status-publish","has-post-thumbnail","hentry"],"jetpack_sharing_enabled":true,"_links":{"self":[{"href":"https:\/\/www.ulalena.ch\/index.php?rest_route=\/wp\/v2\/pages\/2","targetHints":{"allow":["GET"]}}],"collection":[{"href":"https:\/\/www.ulalena.ch\/index.php?rest_route=\/wp\/v2\/pages"}],"about":[{"href":"https:\/\/www.ulalena.ch\/index.php?rest_route=\/wp\/v2\/types\/page"}],"author":[{"embeddable":true,"href":"https:\/\/www.ulalena.ch\/index.php?rest_route=\/wp\/v2\/users\/1"}],"replies":[{"embeddable":true,"href":"https:\/\/www.ulalena.ch\/index.php?rest_route=%2Fwp%2Fv2%2Fcomments&post=2"}],"version-history":[{"count":64,"href":"https:\/\/www.ulalena.ch\/index.php?rest_route=\/wp\/v2\/pages\/2\/revisions"}],"predecessor-version":[{"id":9036,"href":"https:\/\/www.ulalena.ch\/index.php?rest_route=\/wp\/v2\/pages\/2\/revisions\/9036"}],"wp:featuredmedia":[{"embeddable":true,"href":"https:\/\/www.ulalena.ch\/index.php?rest_route=\/wp\/v2\/media\/8963"}],"wp:attachment":[{"href":"https:\/\/www.ulalena.ch\/index.php?rest_route=%2Fwp%2Fv2%2Fmedia&parent=2"}],"curies":[{"name":"wp","href":"https:\/\/api.w.org\/{rel}","templated":true}]}}